{"id":10,"date":"2023-07-07T05:51:17","date_gmt":"2023-07-07T05:51:17","guid":{"rendered":"https:\/\/makelainvest.fi\/?page_id=10"},"modified":"2023-11-02T09:48:21","modified_gmt":"2023-11-02T09:48:21","slug":"etusivu","status":"publish","type":"page","link":"https:\/\/makelainvest.fi\/","title":{"rendered":"Etusivu"},"content":{"rendered":"\t\t<div data-elementor-type=\"wp-page\" data-elementor-id=\"10\" class=\"elementor elementor-10\" data-elementor-post-type=\"page\">\n\t\t\t\t\t\t<section class=\"elementor-section elementor-top-section elementor-element elementor-element-510f6076 elementor-section-height-min-height elementor-section-content-middle elementor-section-boxed elementor-section-height-default elementor-section-items-middle\" data-id=\"510f6076\" data-element_type=\"section\" data-e-type=\"section\" data-settings=\"{&quot;background_background&quot;:&quot;classic&quot;}\">\n\t\t\t\t\t\t\t<div class=\"elementor-background-overlay\"><\/div>\n\t\t\t\t\t\t\t<div class=\"elementor-container elementor-column-gap-no\">\n\t\t\t\t\t<div class=\"elementor-column elementor-col-100 elementor-top-column elementor-element elementor-element-53a37d18\" data-id=\"53a37d18\" data-element_type=\"column\" data-e-type=\"column\">\n\t\t\t<div class=\"elementor-widget-wrap elementor-element-populated\">\n\t\t\t\t\t\t<div class=\"elementor-element elementor-element-6100276 elementor-widget elementor-widget-image\" data-id=\"6100276\" data-element_type=\"widget\" data-e-type=\"widget\" data-widget_type=\"image.default\">\n\t\t\t\t<div class=\"elementor-widget-container\">\n\t\t\t\t\t\t\t\t\t\t\t\t\t\t\t<img fetchpriority=\"high\" decoding=\"async\" width=\"800\" height=\"519\" src=\"https:\/\/makelainvest.fi\/wp-content\/uploads\/2023\/07\/logo_hrmakelainvest_ilmantaustaa-vaaka_valkoinen-1024x664.png\" class=\"attachment-large size-large wp-image-14\" alt=\"\" srcset=\"https:\/\/makelainvest.fi\/wp-content\/uploads\/2023\/07\/logo_hrmakelainvest_ilmantaustaa-vaaka_valkoinen-1024x664.png 1024w, https:\/\/makelainvest.fi\/wp-content\/uploads\/2023\/07\/logo_hrmakelainvest_ilmantaustaa-vaaka_valkoinen-300x194.png 300w, https:\/\/makelainvest.fi\/wp-content\/uploads\/2023\/07\/logo_hrmakelainvest_ilmantaustaa-vaaka_valkoinen-768x498.png 768w, https:\/\/makelainvest.fi\/wp-content\/uploads\/2023\/07\/logo_hrmakelainvest_ilmantaustaa-vaaka_valkoinen.png 1080w\" sizes=\"(max-width: 800px) 100vw, 800px\" \/>\t\t\t\t\t\t\t\t\t\t\t\t\t\t\t<\/div>\n\t\t\t\t<\/div>\n\t\t\t\t\t<\/div>\n\t\t<\/div>\n\t\t\t\t\t<\/div>\n\t\t<\/section>\n\t\t\t\t<section class=\"elementor-section elementor-top-section elementor-element elementor-element-18a4181f elementor-section-height-min-height elementor-section-content-middle elementor-section-full_width elementor-section-items-stretch elementor-reverse-mobile elementor-section-height-default\" data-id=\"18a4181f\" data-element_type=\"section\" data-e-type=\"section\" data-settings=\"{&quot;background_background&quot;:&quot;classic&quot;}\">\n\t\t\t\t\t\t<div class=\"elementor-container elementor-column-gap-default\">\n\t\t\t\t\t<div class=\"elementor-column elementor-col-50 elementor-top-column elementor-element elementor-element-125d48c4\" data-id=\"125d48c4\" data-element_type=\"column\" data-e-type=\"column\">\n\t\t\t<div class=\"elementor-widget-wrap elementor-element-populated\">\n\t\t\t\t\t\t<div class=\"elementor-element elementor-element-abf2c60 elementor-widget elementor-widget-spacer\" data-id=\"abf2c60\" data-element_type=\"widget\" data-e-type=\"widget\" data-widget_type=\"spacer.default\">\n\t\t\t\t<div class=\"elementor-widget-container\">\n\t\t\t\t\t\t\t<div class=\"elementor-spacer\">\n\t\t\t<div class=\"elementor-spacer-inner\"><\/div>\n\t\t<\/div>\n\t\t\t\t\t\t<\/div>\n\t\t\t\t<\/div>\n\t\t\t\t<div class=\"elementor-element elementor-element-8d9f5d4 elementor-widget elementor-widget-heading\" data-id=\"8d9f5d4\" data-element_type=\"widget\" data-e-type=\"widget\" data-widget_type=\"heading.default\">\n\t\t\t\t<div class=\"elementor-widget-container\">\n\t\t\t\t\t<h2 class=\"elementor-heading-title elementor-size-default\">HR M\u00e4kel\u00e4 Invest <\/h2>\t\t\t\t<\/div>\n\t\t\t\t<\/div>\n\t\t\t\t<div class=\"elementor-element elementor-element-ae23b94 elementor-widget elementor-widget-text-editor\" data-id=\"ae23b94\" data-element_type=\"widget\" data-e-type=\"widget\" data-widget_type=\"text-editor.default\">\n\t\t\t\t<div class=\"elementor-widget-container\">\n\t\t\t\t\t\t\t\t\t<p><strong>HR M\u00e4kel\u00e4 Invest Oy<\/strong>\u00a0tarjoaa erilaisia taloushallinnon- ja hallinnon palveluita yritysasiakkaille.<br \/>Palvelutarjontaamme kuuluu:<\/p><ul><li>Taloushallintopalvelut yritysasiakkaille<\/li><li>Palvelut asunto-osakeyhti\u00f6ille<\/li><li>Konsultointipalvelut<\/li><li>Toiminnantarkastukset<\/li><li>Koulutuspalvelut sopimuksen mukaan<\/li><\/ul><p>\u00a0<\/p><p>Tarkemmat palvelukuvaukset l\u00f6yd\u00e4tte kohdasta Palvelut.<\/p>\t\t\t\t\t\t\t\t<\/div>\n\t\t\t\t<\/div>\n\t\t\t\t<div class=\"elementor-element elementor-element-c69ddf1 elementor-widget elementor-widget-button\" data-id=\"c69ddf1\" data-element_type=\"widget\" data-e-type=\"widget\" data-widget_type=\"button.default\">\n\t\t\t\t<div class=\"elementor-widget-container\">\n\t\t\t\t\t\t\t\t\t<div class=\"elementor-button-wrapper\">\n\t\t\t\t\t<a class=\"elementor-button elementor-button-link elementor-size-sm elementor-animation-shrink\" href=\"https:\/\/makelainvest.fi\/index.php\/ota-yhteytta\/\">\n\t\t\t\t\t\t<span class=\"elementor-button-content-wrapper\">\n\t\t\t\t\t\t\t\t\t<span class=\"elementor-button-text\">Ota yhteytt\u00e4<\/span>\n\t\t\t\t\t<\/span>\n\t\t\t\t\t<\/a>\n\t\t\t\t<\/div>\n\t\t\t\t\t\t\t\t<\/div>\n\t\t\t\t<\/div>\n\t\t\t\t<div class=\"elementor-element elementor-element-2e612de elementor-widget elementor-widget-spacer\" data-id=\"2e612de\" data-element_type=\"widget\" data-e-type=\"widget\" data-widget_type=\"spacer.default\">\n\t\t\t\t<div class=\"elementor-widget-container\">\n\t\t\t\t\t\t\t<div class=\"elementor-spacer\">\n\t\t\t<div class=\"elementor-spacer-inner\"><\/div>\n\t\t<\/div>\n\t\t\t\t\t\t<\/div>\n\t\t\t\t<\/div>\n\t\t\t\t\t<\/div>\n\t\t<\/div>\n\t\t\t\t<div class=\"elementor-column elementor-col-50 elementor-top-column elementor-element elementor-element-36c2ccc3\" data-id=\"36c2ccc3\" data-element_type=\"column\" data-e-type=\"column\" data-settings=\"{&quot;background_background&quot;:&quot;classic&quot;}\">\n\t\t\t<div class=\"elementor-widget-wrap elementor-element-populated\">\n\t\t\t\t\t\t<div class=\"elementor-element elementor-element-f663c99 elementor-widget elementor-widget-image\" data-id=\"f663c99\" data-element_type=\"widget\" data-e-type=\"widget\" data-widget_type=\"image.default\">\n\t\t\t\t<div class=\"elementor-widget-container\">\n\t\t\t\t\t\t\t\t\t\t\t\t\t\t\t<img decoding=\"async\" width=\"800\" height=\"800\" src=\"https:\/\/makelainvest.fi\/wp-content\/uploads\/2023\/07\/Handshake-makela-invest-1024x1024.png\" class=\"attachment-large size-large wp-image-21\" alt=\"\" srcset=\"https:\/\/makelainvest.fi\/wp-content\/uploads\/2023\/07\/Handshake-makela-invest-1024x1024.png 1024w, https:\/\/makelainvest.fi\/wp-content\/uploads\/2023\/07\/Handshake-makela-invest-300x300.png 300w, https:\/\/makelainvest.fi\/wp-content\/uploads\/2023\/07\/Handshake-makela-invest-150x150.png 150w, https:\/\/makelainvest.fi\/wp-content\/uploads\/2023\/07\/Handshake-makela-invest-768x768.png 768w, https:\/\/makelainvest.fi\/wp-content\/uploads\/2023\/07\/Handshake-makela-invest-1536x1536.png 1536w, https:\/\/makelainvest.fi\/wp-content\/uploads\/2023\/07\/Handshake-makela-invest-2048x2048.png 2048w\" sizes=\"(max-width: 800px) 100vw, 800px\" \/>\t\t\t\t\t\t\t\t\t\t\t\t\t\t\t<\/div>\n\t\t\t\t<\/div>\n\t\t\t\t\t<\/div>\n\t\t<\/div>\n\t\t\t\t\t<\/div>\n\t\t<\/section>\n\t\t\t\t<section class=\"elementor-section elementor-top-section elementor-element elementor-element-8a1f881 elementor-section-height-min-height elementor-section-content-middle elementor-section-boxed elementor-section-height-default elementor-section-items-middle\" data-id=\"8a1f881\" data-element_type=\"section\" data-e-type=\"section\" data-settings=\"{&quot;background_background&quot;:&quot;classic&quot;}\">\n\t\t\t\t\t\t\t<div class=\"elementor-background-overlay\"><\/div>\n\t\t\t\t\t\t\t<div class=\"elementor-container elementor-column-gap-no\">\n\t\t\t\t\t<div class=\"elementor-column elementor-col-100 elementor-top-column elementor-element elementor-element-9d7f3d7\" data-id=\"9d7f3d7\" data-element_type=\"column\" data-e-type=\"column\">\n\t\t\t<div class=\"elementor-widget-wrap elementor-element-populated\">\n\t\t\t\t\t\t<div class=\"elementor-element elementor-element-7703008 elementor-widget elementor-widget-heading\" data-id=\"7703008\" data-element_type=\"widget\" data-e-type=\"widget\" data-widget_type=\"heading.default\">\n\t\t\t\t<div class=\"elementor-widget-container\">\n\t\t\t\t\t<h2 class=\"elementor-heading-title elementor-size-default\">Ota rohkeasti yhteytt\u00e4!<\/h2>\t\t\t\t<\/div>\n\t\t\t\t<\/div>\n\t\t\t\t<div class=\"elementor-element elementor-element-d874b91 elementor-align-center elementor-widget elementor-widget-button\" data-id=\"d874b91\" data-element_type=\"widget\" data-e-type=\"widget\" data-widget_type=\"button.default\">\n\t\t\t\t<div class=\"elementor-widget-container\">\n\t\t\t\t\t\t\t\t\t<div class=\"elementor-button-wrapper\">\n\t\t\t\t\t<a class=\"elementor-button elementor-button-link elementor-size-sm elementor-animation-shrink\" href=\"https:\/\/makelainvest.fi\/index.php\/ota-yhteytta\/\">\n\t\t\t\t\t\t<span class=\"elementor-button-content-wrapper\">\n\t\t\t\t\t\t\t\t\t<span class=\"elementor-button-text\">Yhteystiedot<\/span>\n\t\t\t\t\t<\/span>\n\t\t\t\t\t<\/a>\n\t\t\t\t<\/div>\n\t\t\t\t\t\t\t\t<\/div>\n\t\t\t\t<\/div>\n\t\t\t\t\t<\/div>\n\t\t<\/div>\n\t\t\t\t\t<\/div>\n\t\t<\/section>\n\t\t\t\t<\/div>\n\t\t","protected":false},"excerpt":{"rendered":"<p>HR M\u00e4kel\u00e4 Invest HR M\u00e4kel\u00e4 Invest Oy\u00a0tarjoaa erilaisia taloushallinnon- ja hallinnon palveluita yritysasiakkaille. Palvelutarjontaamme kuuluu: Taloushallintopalvelut yritysasiakkaille Palvelut asunto-osakeyhti\u00f6ille Konsultointipalvelut Toiminnantarkastukset Koulutuspalvelut sopimuksen mukaan Tarkemmat palvelukuvaukset l\u00f6yd\u00e4tte kohdasta Palvelut. Ota yhteytt\u00e4 Ota rohkeasti yhteytt\u00e4! Yhteystiedot<\/p>\n","protected":false},"author":1,"featured_media":16,"parent":0,"menu_order":0,"comment_status":"closed","ping_status":"closed","template":"elementor_header_footer","meta":{"footnotes":""},"class_list":["post-10","page","type-page","status-publish","has-post-thumbnail","hentry"],"yoast_head":"<!-- This site is optimized with the Yoast SEO plugin v27.4 - https:\/\/yoast.com\/product\/yoast-seo-wordpress\/ -->\n<title>Etusivu - HR M&auml;kel&auml; Invest<\/title>\n<meta name=\"robots\" content=\"index, follow, max-snippet:-1, max-image-preview:large, max-video-preview:-1\" \/>\n<link rel=\"canonical\" href=\"https:\/\/makelainvest.fi\/\" \/>\n<meta property=\"og:locale\" content=\"fi_FI\" \/>\n<meta property=\"og:type\" content=\"article\" \/>\n<meta property=\"og:title\" content=\"Etusivu - HR M&auml;kel&auml; Invest\" \/>\n<meta property=\"og:description\" content=\"HR M\u00e4kel\u00e4 Invest HR M\u00e4kel\u00e4 Invest Oy\u00a0tarjoaa erilaisia taloushallinnon- ja hallinnon palveluita yritysasiakkaille. Palvelutarjontaamme kuuluu: Taloushallintopalvelut yritysasiakkaille Palvelut asunto-osakeyhti\u00f6ille Konsultointipalvelut Toiminnantarkastukset Koulutuspalvelut sopimuksen mukaan Tarkemmat palvelukuvaukset l\u00f6yd\u00e4tte kohdasta Palvelut. Ota yhteytt\u00e4 Ota rohkeasti yhteytt\u00e4! Yhteystiedot\" \/>\n<meta property=\"og:url\" content=\"https:\/\/makelainvest.fi\/\" \/>\n<meta property=\"og:site_name\" content=\"HR M&auml;kel&auml; Invest\" \/>\n<meta property=\"article:publisher\" content=\"https:\/\/www.facebook.com\/makelainvest\/\" \/>\n<meta property=\"article:modified_time\" content=\"2023-11-02T09:48:21+00:00\" \/>\n<meta property=\"og:image\" content=\"https:\/\/makelainvest.fi\/wp-content\/uploads\/2023\/07\/handshaking-with-new-investor-2022-11-16-15-40-29-utc-scaled.jpg\" \/>\n\t<meta property=\"og:image:width\" content=\"2560\" \/>\n\t<meta property=\"og:image:height\" content=\"1707\" \/>\n\t<meta property=\"og:image:type\" content=\"image\/jpeg\" \/>\n<meta name=\"twitter:card\" content=\"summary_large_image\" \/>\n<meta name=\"twitter:label1\" content=\"Arvioitu lukuaika\" \/>\n\t<meta name=\"twitter:data1\" content=\"1 minuutti\" \/>\n<script type=\"application\/ld+json\" class=\"yoast-schema-graph\">{\"@context\":\"https:\\\/\\\/schema.org\",\"@graph\":[{\"@type\":\"WebPage\",\"@id\":\"https:\\\/\\\/makelainvest.fi\\\/\",\"url\":\"https:\\\/\\\/makelainvest.fi\\\/\",\"name\":\"Etusivu - HR M&auml;kel&auml; Invest\",\"isPartOf\":{\"@id\":\"https:\\\/\\\/makelainvest.fi\\\/#website\"},\"primaryImageOfPage\":{\"@id\":\"https:\\\/\\\/makelainvest.fi\\\/#primaryimage\"},\"image\":{\"@id\":\"https:\\\/\\\/makelainvest.fi\\\/#primaryimage\"},\"thumbnailUrl\":\"https:\\\/\\\/makelainvest.fi\\\/wp-content\\\/uploads\\\/2023\\\/07\\\/handshaking-with-new-investor-2022-11-16-15-40-29-utc-scaled.jpg\",\"datePublished\":\"2023-07-07T05:51:17+00:00\",\"dateModified\":\"2023-11-02T09:48:21+00:00\",\"breadcrumb\":{\"@id\":\"https:\\\/\\\/makelainvest.fi\\\/#breadcrumb\"},\"inLanguage\":\"fi\",\"potentialAction\":[{\"@type\":\"ReadAction\",\"target\":[\"https:\\\/\\\/makelainvest.fi\\\/\"]}]},{\"@type\":\"ImageObject\",\"inLanguage\":\"fi\",\"@id\":\"https:\\\/\\\/makelainvest.fi\\\/#primaryimage\",\"url\":\"https:\\\/\\\/makelainvest.fi\\\/wp-content\\\/uploads\\\/2023\\\/07\\\/handshaking-with-new-investor-2022-11-16-15-40-29-utc-scaled.jpg\",\"contentUrl\":\"https:\\\/\\\/makelainvest.fi\\\/wp-content\\\/uploads\\\/2023\\\/07\\\/handshaking-with-new-investor-2022-11-16-15-40-29-utc-scaled.jpg\",\"width\":2560,\"height\":1707,\"caption\":\"Close-up of unrecognizable businessman sitting at table and handshaking with new investor after signing contract\"},{\"@type\":\"BreadcrumbList\",\"@id\":\"https:\\\/\\\/makelainvest.fi\\\/#breadcrumb\",\"itemListElement\":[{\"@type\":\"ListItem\",\"position\":1,\"name\":\"Etusivu\",\"item\":\"https:\\\/\\\/makelainvest.fi\\\/\"},{\"@type\":\"ListItem\",\"position\":2,\"name\":\"Etusivu\"}]},{\"@type\":\"WebSite\",\"@id\":\"https:\\\/\\\/makelainvest.fi\\\/#website\",\"url\":\"https:\\\/\\\/makelainvest.fi\\\/\",\"name\":\"HR M&auml;kel&auml; Invest\",\"description\":\"Taloushallinnon- ja is&auml;nn&ouml;intipalvelut \",\"publisher\":{\"@id\":\"https:\\\/\\\/makelainvest.fi\\\/#organization\"},\"potentialAction\":[{\"@type\":\"SearchAction\",\"target\":{\"@type\":\"EntryPoint\",\"urlTemplate\":\"https:\\\/\\\/makelainvest.fi\\\/?s={search_term_string}\"},\"query-input\":{\"@type\":\"PropertyValueSpecification\",\"valueRequired\":true,\"valueName\":\"search_term_string\"}}],\"inLanguage\":\"fi\"},{\"@type\":\"Organization\",\"@id\":\"https:\\\/\\\/makelainvest.fi\\\/#organization\",\"name\":\"HR M&auml;kel&auml; Invest\",\"url\":\"https:\\\/\\\/makelainvest.fi\\\/\",\"logo\":{\"@type\":\"ImageObject\",\"inLanguage\":\"fi\",\"@id\":\"https:\\\/\\\/makelainvest.fi\\\/#\\\/schema\\\/logo\\\/image\\\/\",\"url\":\"https:\\\/\\\/makelainvest.fi\\\/wp-content\\\/uploads\\\/2023\\\/07\\\/cropped-logo_hrmakelainvest_ilmantaustaa-vaaka_vari01.png\",\"contentUrl\":\"https:\\\/\\\/makelainvest.fi\\\/wp-content\\\/uploads\\\/2023\\\/07\\\/cropped-logo_hrmakelainvest_ilmantaustaa-vaaka_vari01.png\",\"width\":1080,\"height\":459,\"caption\":\"HR M&auml;kel&auml; Invest\"},\"image\":{\"@id\":\"https:\\\/\\\/makelainvest.fi\\\/#\\\/schema\\\/logo\\\/image\\\/\"},\"sameAs\":[\"https:\\\/\\\/www.facebook.com\\\/makelainvest\\\/\"]}]}<\/script>\n<!-- \/ Yoast SEO plugin. -->","yoast_head_json":{"title":"Etusivu - HR M&auml;kel&auml; Invest","robots":{"index":"index","follow":"follow","max-snippet":"max-snippet:-1","max-image-preview":"max-image-preview:large","max-video-preview":"max-video-preview:-1"},"canonical":"https:\/\/makelainvest.fi\/","og_locale":"fi_FI","og_type":"article","og_title":"Etusivu - HR M&auml;kel&auml; Invest","og_description":"HR M\u00e4kel\u00e4 Invest HR M\u00e4kel\u00e4 Invest Oy\u00a0tarjoaa erilaisia taloushallinnon- ja hallinnon palveluita yritysasiakkaille. Palvelutarjontaamme kuuluu: Taloushallintopalvelut yritysasiakkaille Palvelut asunto-osakeyhti\u00f6ille Konsultointipalvelut Toiminnantarkastukset Koulutuspalvelut sopimuksen mukaan Tarkemmat palvelukuvaukset l\u00f6yd\u00e4tte kohdasta Palvelut. Ota yhteytt\u00e4 Ota rohkeasti yhteytt\u00e4! Yhteystiedot","og_url":"https:\/\/makelainvest.fi\/","og_site_name":"HR M&auml;kel&auml; Invest","article_publisher":"https:\/\/www.facebook.com\/makelainvest\/","article_modified_time":"2023-11-02T09:48:21+00:00","og_image":[{"width":2560,"height":1707,"url":"https:\/\/makelainvest.fi\/wp-content\/uploads\/2023\/07\/handshaking-with-new-investor-2022-11-16-15-40-29-utc-scaled.jpg","type":"image\/jpeg"}],"twitter_card":"summary_large_image","twitter_misc":{"Arvioitu lukuaika":"1 minuutti"},"schema":{"@context":"https:\/\/schema.org","@graph":[{"@type":"WebPage","@id":"https:\/\/makelainvest.fi\/","url":"https:\/\/makelainvest.fi\/","name":"Etusivu - HR M&auml;kel&auml; Invest","isPartOf":{"@id":"https:\/\/makelainvest.fi\/#website"},"primaryImageOfPage":{"@id":"https:\/\/makelainvest.fi\/#primaryimage"},"image":{"@id":"https:\/\/makelainvest.fi\/#primaryimage"},"thumbnailUrl":"https:\/\/makelainvest.fi\/wp-content\/uploads\/2023\/07\/handshaking-with-new-investor-2022-11-16-15-40-29-utc-scaled.jpg","datePublished":"2023-07-07T05:51:17+00:00","dateModified":"2023-11-02T09:48:21+00:00","breadcrumb":{"@id":"https:\/\/makelainvest.fi\/#breadcrumb"},"inLanguage":"fi","potentialAction":[{"@type":"ReadAction","target":["https:\/\/makelainvest.fi\/"]}]},{"@type":"ImageObject","inLanguage":"fi","@id":"https:\/\/makelainvest.fi\/#primaryimage","url":"https:\/\/makelainvest.fi\/wp-content\/uploads\/2023\/07\/handshaking-with-new-investor-2022-11-16-15-40-29-utc-scaled.jpg","contentUrl":"https:\/\/makelainvest.fi\/wp-content\/uploads\/2023\/07\/handshaking-with-new-investor-2022-11-16-15-40-29-utc-scaled.jpg","width":2560,"height":1707,"caption":"Close-up of unrecognizable businessman sitting at table and handshaking with new investor after signing contract"},{"@type":"BreadcrumbList","@id":"https:\/\/makelainvest.fi\/#breadcrumb","itemListElement":[{"@type":"ListItem","position":1,"name":"Etusivu","item":"https:\/\/makelainvest.fi\/"},{"@type":"ListItem","position":2,"name":"Etusivu"}]},{"@type":"WebSite","@id":"https:\/\/makelainvest.fi\/#website","url":"https:\/\/makelainvest.fi\/","name":"HR M&auml;kel&auml; Invest","description":"Taloushallinnon- ja is&auml;nn&ouml;intipalvelut ","publisher":{"@id":"https:\/\/makelainvest.fi\/#organization"},"potentialAction":[{"@type":"SearchAction","target":{"@type":"EntryPoint","urlTemplate":"https:\/\/makelainvest.fi\/?s={search_term_string}"},"query-input":{"@type":"PropertyValueSpecification","valueRequired":true,"valueName":"search_term_string"}}],"inLanguage":"fi"},{"@type":"Organization","@id":"https:\/\/makelainvest.fi\/#organization","name":"HR M&auml;kel&auml; Invest","url":"https:\/\/makelainvest.fi\/","logo":{"@type":"ImageObject","inLanguage":"fi","@id":"https:\/\/makelainvest.fi\/#\/schema\/logo\/image\/","url":"https:\/\/makelainvest.fi\/wp-content\/uploads\/2023\/07\/cropped-logo_hrmakelainvest_ilmantaustaa-vaaka_vari01.png","contentUrl":"https:\/\/makelainvest.fi\/wp-content\/uploads\/2023\/07\/cropped-logo_hrmakelainvest_ilmantaustaa-vaaka_vari01.png","width":1080,"height":459,"caption":"HR M&auml;kel&auml; Invest"},"image":{"@id":"https:\/\/makelainvest.fi\/#\/schema\/logo\/image\/"},"sameAs":["https:\/\/www.facebook.com\/makelainvest\/"]}]}},"_links":{"self":[{"href":"https:\/\/makelainvest.fi\/index.php\/wp-json\/wp\/v2\/pages\/10","targetHints":{"allow":["GET"]}}],"collection":[{"href":"https:\/\/makelainvest.fi\/index.php\/wp-json\/wp\/v2\/pages"}],"about":[{"href":"https:\/\/makelainvest.fi\/index.php\/wp-json\/wp\/v2\/types\/page"}],"author":[{"embeddable":true,"href":"https:\/\/makelainvest.fi\/index.php\/wp-json\/wp\/v2\/users\/1"}],"replies":[{"embeddable":true,"href":"https:\/\/makelainvest.fi\/index.php\/wp-json\/wp\/v2\/comments?post=10"}],"version-history":[{"count":56,"href":"https:\/\/makelainvest.fi\/index.php\/wp-json\/wp\/v2\/pages\/10\/revisions"}],"predecessor-version":[{"id":413,"href":"https:\/\/makelainvest.fi\/index.php\/wp-json\/wp\/v2\/pages\/10\/revisions\/413"}],"wp:featuredmedia":[{"embeddable":true,"href":"https:\/\/makelainvest.fi\/index.php\/wp-json\/wp\/v2\/media\/16"}],"wp:attachment":[{"href":"https:\/\/makelainvest.fi\/index.php\/wp-json\/wp\/v2\/media?parent=10"}],"curies":[{"name":"wp","href":"https:\/\/api.w.org\/{rel}","templated":true}]}}